{"id":461,"date":"2023-03-26T14:51:30","date_gmt":"2023-03-26T14:51:30","guid":{"rendered":"https:\/\/xn--lychen-alte-stadtfrsterei-gsc.de\/?page_id=461"},"modified":"2023-03-30T13:14:45","modified_gmt":"2023-03-30T13:14:45","slug":"lychen","status":"publish","type":"page","link":"https:\/\/xn--lychen-alte-stadtfrsterei-gsc.de\/?page_id=461","title":{"rendered":"Lychen"},"content":{"rendered":"\n<div class=\"wp-block-cover alignfull is-light\" style=\"min-height:221px;aspect-ratio:unset;aspect-ratio:unset;\"><span aria-hidden=\"true\" class=\"wp-block-cover__background has-background-dim\"><\/span><img loading=\"lazy\" decoding=\"async\" width=\"1024\" height=\"197\" class=\"wp-block-cover__image-background wp-image-584\" alt=\"\" src=\"https:\/\/xn--lychen-alte-stadtfrsterei-gsc.de\/wp-content\/uploads\/2023\/03\/P1040962-1024x197.jpg\" data-object-fit=\"cover\" srcset=\"https:\/\/xn--lychen-alte-stadtfrsterei-gsc.de\/wp-content\/uploads\/2023\/03\/P1040962-1024x197.jpg 1024w, https:\/\/xn--lychen-alte-stadtfrsterei-gsc.de\/wp-content\/uploads\/2023\/03\/P1040962-300x58.jpg 300w, https:\/\/xn--lychen-alte-stadtfrsterei-gsc.de\/wp-content\/uploads\/2023\/03\/P1040962-768x148.jpg 768w, https:\/\/xn--lychen-alte-stadtfrsterei-gsc.de\/wp-content\/uploads\/2023\/03\/P1040962-1536x295.jpg 1536w, https:\/\/xn--lychen-alte-stadtfrsterei-gsc.de\/wp-content\/uploads\/2023\/03\/P1040962-2048x394.jpg 2048w\" sizes=\"(max-width: 1024px) 100vw, 1024px\" \/><div class=\"wp-block-cover__inner-container is-layout-flow wp-block-cover-is-layout-flow\">\n<p class=\"has-text-align-center has-white-color has-text-color has-large-font-size\">Lychen<\/p>\n<\/div><\/div>\n\n\n\n<p>  <\/p>\n\n\n\n<div class=\"wp-block-columns alignwide is-layout-flex wp-container-core-columns-is-layout-1 wp-block-columns-is-layout-flex\" style=\"margin-bottom:0\">\n<div class=\"wp-block-column has-text-color has-background has-link-color wp-elements-392fc0a39c19e1b930b863ab2ad6c377 is-layout-flow wp-block-column-is-layout-flow\" style=\"color:#000000;background-color:#cbe4ce;padding-top:2em;padding-right:2em;padding-bottom:2em;padding-left:2em\">\n<h2 class=\"wp-block-heading\" id=\"single\" style=\"font-size:40px\">Lychen<\/h2>\n\n\n\n<p class=\"has-normal-font-size\" style=\"line-height:1.5\"><strong>Die kleine Perle der Uckermark<\/strong><\/p>\n\n\n\n<hr class=\"wp-block-separator has-text-color has-css-opacity has-background is-style-wide\" style=\"background-color:#000000;color:#000000\"\/>\n\n\n\n<p>Verschiedene Quellen besagen, dass Siedlungen aus der Jungsteinzeit auf dem Territorium der heutigen Stadt Lychen zu finden sind. Es muss wohl an der sch\u00f6nen \u00d6rtlichkeit liegen, denn auch die Slawen siedelten seit dem 6. Jahrhundert n. Chr. auf dem Gebiet des heutigen Lychen.<\/p>\n\n\n\n<p>Die Stadt Lychen wurde 1248 durch den Markgrafen Johann I. gegr\u00fcndet. In den n\u00e4chsten 200 Jahren konnten sich die Mecklenburger und Brandenburger nicht einigen, wohin Lychen geh\u00f6ren sollte. Erst 1448 kam es endg\u00fcltig zu Brandenburg. Auch wenn man es nicht vermutet, Lychen ist auch heute noch eine Grenzregion. Unweit der Stadt verl\u00e4uft die Grenze zu Mecklenburg-Vorpommern. In diesen umk\u00e4mpften 200 Jahren bauten sich die Lychener eine Stadtmauer und die sch\u00f6ne, noch urspr\u00fcnglich erhaltene Kirche Sankt Johannes als Wehrkirche.<\/p>\n\n\n\n<p>Einen ersten gro\u00dfen Aufschwung erlebte Lychen nach dem Bau der Stra\u00dfe von Templin nach F\u00fcrstenberg im Jahre 1891 und dem Anschluss der Stadt an das Bahnnetz im Jahre 1899<\/p>\n\n\n\n<p>Zu erw\u00e4hnen ist, dass Lychen seit dem 17. Jahrhundert Umschlagplatz f\u00fcr die Holzwirtschaft bis zur Mitte des 20. Jahrhunderts war. Wegen der Anbindung an die Havel k\u00f6nnte man sagen, dass Berlin mit Holz aus Lychen aufgebaut wurde (nicht ausschlie\u00dflich nat\u00fcrlich). Das Holz aus der Umgebung wurde zum Oberpfuhl-See gebracht, dann von dort in den Haussee, welcher Verbindung mit der Havel hat, gefl\u00f6\u00dft. 2008 bekam Lychen den Titel &#8218;Fl\u00f6\u00dferstadt&#8216; verliehen.<\/p>\n\n\n\n<hr class=\"wp-block-separator has-text-color has-css-opacity has-background is-style-wide\" style=\"background-color:#000000;color:#000000\"\/>\n<\/div>\n\n\n\n<div class=\"wp-block-column has-text-color has-background has-link-color wp-elements-532dfca20c53f6f75b60a00964229dc1 is-layout-flow wp-block-column-is-layout-flow\" style=\"color:#000000;background-color:#ffdfcf;padding-top:2em;padding-right:2em;padding-bottom:2em;padding-left:2em\">\n<figure class=\"wp-block-image size-large\"><img loading=\"lazy\" decoding=\"async\" width=\"1024\" height=\"701\" src=\"https:\/\/xn--lychen-alte-stadtfrsterei-gsc.de\/wp-content\/uploads\/2023\/03\/20160827_190147-1024x701.jpg\" alt=\"\" class=\"wp-image-586\" srcset=\"https:\/\/xn--lychen-alte-stadtfrsterei-gsc.de\/wp-content\/uploads\/2023\/03\/20160827_190147-1024x701.jpg 1024w, https:\/\/xn--lychen-alte-stadtfrsterei-gsc.de\/wp-content\/uploads\/2023\/03\/20160827_190147-300x206.jpg 300w, https:\/\/xn--lychen-alte-stadtfrsterei-gsc.de\/wp-content\/uploads\/2023\/03\/20160827_190147-768x526.jpg 768w, https:\/\/xn--lychen-alte-stadtfrsterei-gsc.de\/wp-content\/uploads\/2023\/03\/20160827_190147-1536x1052.jpg 1536w, https:\/\/xn--lychen-alte-stadtfrsterei-gsc.de\/wp-content\/uploads\/2023\/03\/20160827_190147.jpg 1600w\" sizes=\"(max-width: 1024px) 100vw, 1024px\" \/><\/figure>\n\n\n\n<figure class=\"wp-block-image size-large\"><img loading=\"lazy\" decoding=\"async\" width=\"1024\" height=\"705\" src=\"https:\/\/xn--lychen-alte-stadtfrsterei-gsc.de\/wp-content\/uploads\/2023\/03\/20160827_184307-1024x705.jpg\" alt=\"\" class=\"wp-image-587\" srcset=\"https:\/\/xn--lychen-alte-stadtfrsterei-gsc.de\/wp-content\/uploads\/2023\/03\/20160827_184307-1024x705.jpg 1024w, https:\/\/xn--lychen-alte-stadtfrsterei-gsc.de\/wp-content\/uploads\/2023\/03\/20160827_184307-300x207.jpg 300w, https:\/\/xn--lychen-alte-stadtfrsterei-gsc.de\/wp-content\/uploads\/2023\/03\/20160827_184307-768x529.jpg 768w, https:\/\/xn--lychen-alte-stadtfrsterei-gsc.de\/wp-content\/uploads\/2023\/03\/20160827_184307-1536x1058.jpg 1536w, https:\/\/xn--lychen-alte-stadtfrsterei-gsc.de\/wp-content\/uploads\/2023\/03\/20160827_184307.jpg 1600w\" sizes=\"(max-width: 1024px) 100vw, 1024px\" \/><\/figure>\n<\/div>\n<\/div>\n\n\n\n<p>  <\/p>\n\n\n\n<div class=\"wp-block-columns alignwide is-layout-flex wp-container-core-columns-is-layout-2 wp-block-columns-is-layout-flex\" style=\"margin-bottom:0\">\n<div class=\"wp-block-column has-text-color has-background has-link-color wp-elements-92e0fa78d1f714126781a8cef5f258ce is-layout-flow wp-block-column-is-layout-flow\" style=\"color:#000000;background-color:#cca6cc;padding-top:2em;padding-right:2em;padding-bottom:2em;padding-left:2em\">\n<figure class=\"wp-block-image size-large\"><img loading=\"lazy\" decoding=\"async\" width=\"1024\" height=\"768\" src=\"https:\/\/xn--lychen-alte-stadtfrsterei-gsc.de\/wp-content\/uploads\/2023\/03\/P1050042-1024x768.jpg\" alt=\"\" class=\"wp-image-588\" srcset=\"https:\/\/xn--lychen-alte-stadtfrsterei-gsc.de\/wp-content\/uploads\/2023\/03\/P1050042-1024x768.jpg 1024w, https:\/\/xn--lychen-alte-stadtfrsterei-gsc.de\/wp-content\/uploads\/2023\/03\/P1050042-300x225.jpg 300w, https:\/\/xn--lychen-alte-stadtfrsterei-gsc.de\/wp-content\/uploads\/2023\/03\/P1050042-768x576.jpg 768w, https:\/\/xn--lychen-alte-stadtfrsterei-gsc.de\/wp-content\/uploads\/2023\/03\/P1050042-1536x1152.jpg 1536w, https:\/\/xn--lychen-alte-stadtfrsterei-gsc.de\/wp-content\/uploads\/2023\/03\/P1050042.jpg 1600w\" sizes=\"(max-width: 1024px) 100vw, 1024px\" \/><\/figure>\n\n\n\n<figure class=\"wp-block-image size-large\"><img loading=\"lazy\" decoding=\"async\" width=\"1024\" height=\"768\" src=\"https:\/\/xn--lychen-alte-stadtfrsterei-gsc.de\/wp-content\/uploads\/2023\/03\/P1040975-1024x768.jpg\" alt=\"\" class=\"wp-image-589\" srcset=\"https:\/\/xn--lychen-alte-stadtfrsterei-gsc.de\/wp-content\/uploads\/2023\/03\/P1040975-1024x768.jpg 1024w, https:\/\/xn--lychen-alte-stadtfrsterei-gsc.de\/wp-content\/uploads\/2023\/03\/P1040975-300x225.jpg 300w, https:\/\/xn--lychen-alte-stadtfrsterei-gsc.de\/wp-content\/uploads\/2023\/03\/P1040975-768x576.jpg 768w, https:\/\/xn--lychen-alte-stadtfrsterei-gsc.de\/wp-content\/uploads\/2023\/03\/P1040975-1536x1152.jpg 1536w, https:\/\/xn--lychen-alte-stadtfrsterei-gsc.de\/wp-content\/uploads\/2023\/03\/P1040975.jpg 1600w\" sizes=\"(max-width: 1024px) 100vw, 1024px\" \/><\/figure>\n<\/div>\n\n\n\n<div class=\"wp-block-column has-text-color has-background has-link-color wp-elements-aa1a0622c65860239168b5d4d6ac20e7 is-layout-flow wp-block-column-is-layout-flow\" style=\"color:#000000;background-color:#ccf7d0;padding-top:2em;padding-right:2em;padding-bottom:2em;padding-left:2em\">\n<hr class=\"wp-block-separator has-text-color has-css-opacity has-background is-style-wide\" style=\"background-color:#000000;color:#000000\"\/>\n\n\n\n<p>Weltruhm&#8216; erlangte die Stadt Lychen durch den Uhrmacher Johann Kirsten, der zwischen 1902\/1903 die Pinne erfunden hat. Das hat die Stadt Lychen zum Anlass genommen, ihre touristischen Informationen, die an allen denkw\u00fcrdigen Orten in der Stadt verteilt sind, auf \u00fcbergro\u00dfe &#8218;Pinnen&#8216; zu schreiben.<\/p>\n\n\n\n<p>Zur Betreuung lungenkranker Kinder gr\u00fcndete Professor Dr. Gotthold Pannwitz 1902 die Heilst\u00e4tten des Deutschen Roten Kreuzes in Hohenlychen. Er f\u00fchrte diese Heilst\u00e4tten zu solchem Ruhm, dass Lychen auch im Tourismus davon profitierte. Leider wurden die Heilst\u00e4tten, welche mit soviel gutem Willen begr\u00fcndet worden waren, in der NS-Zeit erst zum Reichssportsanatorium und sp\u00e4ter zum SS -Lazarett umgewandelt. Nach 1945 nutzten die sowjetischen Besatzungstruppen das Krankenhaus bis 1993 ebenfalls als Lazarett. Seitdem wartet die alten Geb\u00e4ude auf Inverstoren, die wirklich etwas tun. Leider verf\u00e4llt dieses einzigartige Ensemble im Wald zusehends und ist wohl bald nicht mehr zu retten.<\/p>\n\n\n\n<p>Neben der Bl\u00fctezeit des Holzhandels und der Fl\u00f6\u00dferei f\u00fchrten die Volksheilst\u00e4tten Lychen einen touristischen Aufschwung. Wie ich voller Erstaunen auf den schon zitierten Webseiten gelesen habe, kamen zu Pfingsten 1910 wohl fast 50.000 Menschen zur Erholung nach Lychen. Das sind Zahlen, die wollen erst wieder erreicht werden (&#8230; naja, wir arbeiten daran). Zu DDR-Zeiten haben viele Betriebe zur Erholung ihrer Mitarbeiter Betriebsferienlager rund um die Seen von Lychen gebaut.<\/p>\n\n\n\n<p>Die Natur und die Kultur k\u00f6nnen f\u00fcr Lychen eine Zukunft werden, die diese sch\u00f6ne kleine Stadt zu schon mal erreichtem Glanz bringt.<\/p>\n<\/div>\n<\/div>\n","protected":false},"excerpt":{"rendered":"<p>Lychen Die kleine Perle der Uckermark Verschiedene Quellen besagen, dass Siedlungen aus der Jungsteinzeit auf dem Territorium der heutigen Stadt Lychen zu finden sind. Es muss wohl an der sch\u00f6nen \u00d6rtlichkeit liegen, denn auch die Slawen siedelten seit dem 6. Jahrhundert n. Chr. auf dem Gebiet des heutigen Lychen. Die Stadt Lychen wurde 1248 durch [&hellip;]<\/p>\n","protected":false},"author":1,"featured_media":0,"parent":0,"menu_order":0,"comment_status":"closed","ping_status":"closed","template":"","meta":{"site-sidebar-layout":"default","site-content-layout":"","ast-site-content-layout":"default","site-content-style":"default","site-sidebar-style":"default","ast-global-header-display":"","ast-banner-title-visibility":"","ast-main-header-display":"","ast-hfb-above-header-display":"","ast-hfb-below-header-display":"","ast-hfb-mobile-header-display":"","site-post-title":"disabled","ast-breadcrumbs-content":"","ast-featured-img":"","footer-sml-layout":"","ast-disable-related-posts":"","theme-transparent-header-meta":"","adv-header-id-meta":"","stick-header-meta":"","header-above-stick-meta":"","header-main-stick-meta":"","header-below-stick-meta":"","astra-migrate-meta-layouts":"default","ast-page-background-enabled":"default","ast-page-background-meta":{"desktop":{"background-color":"","background-image":"","background-repeat":"repeat","background-position":"center center","background-size":"auto","background-attachment":"scroll","background-type":"","background-media":"","overlay-type":"","overlay-color":"","overlay-opacity":"","overlay-gradient":""},"tablet":{"background-color":"","background-image":"","background-repeat":"repeat","background-position":"center center","background-size":"auto","background-attachment":"scroll","background-type":"","background-media":"","overlay-type":"","overlay-color":"","overlay-opacity":"","overlay-gradient":""},"mobile":{"background-color":"","background-image":"","background-repeat":"repeat","background-position":"center center","background-size":"auto","background-attachment":"scroll","background-type":"","background-media":"","overlay-type":"","overlay-color":"","overlay-opacity":"","overlay-gradient":""}},"ast-content-background-meta":{"desktop":{"background-color":"var(--ast-global-color-5)","background-image":"","background-repeat":"repeat","background-position":"center center","background-size":"auto","background-attachment":"scroll","background-type":"","background-media":"","overlay-type":"","overlay-color":"","overlay-opacity":"","overlay-gradient":""},"tablet":{"background-color":"var(--ast-global-color-5)","background-image":"","background-repeat":"repeat","background-position":"center center","background-size":"auto","background-attachment":"scroll","background-type":"","background-media":"","overlay-type":"","overlay-color":"","overlay-opacity":"","overlay-gradient":""},"mobile":{"background-color":"var(--ast-global-color-5)","background-image":"","background-repeat":"repeat","background-position":"center center","background-size":"auto","background-attachment":"scroll","background-type":"","background-media":"","overlay-type":"","overlay-color":"","overlay-opacity":"","overlay-gradient":""}},"footnotes":""},"class_list":["post-461","page","type-page","status-publish","hentry"],"yoast_head":"<!-- This site is optimized with the Yoast SEO plugin v24.5 - https:\/\/yoast.com\/wordpress\/plugins\/seo\/ -->\n<title>Lychen - Ferienwohnungen Alte Stadtf\u00f6rsterei Lychen<\/title>\n<meta name=\"robots\" content=\"index, follow, max-snippet:-1, max-image-preview:large, max-video-preview:-1\" \/>\n<link rel=\"canonical\" href=\"https:\/\/xn--lychen-alte-stadtfrsterei-gsc.de\/?page_id=461\" \/>\n<meta property=\"og:locale\" content=\"de_DE\" \/>\n<meta property=\"og:type\" content=\"article\" \/>\n<meta property=\"og:title\" content=\"Lychen - Ferienwohnungen Alte Stadtf\u00f6rsterei Lychen\" \/>\n<meta property=\"og:description\" content=\"Lychen Die kleine Perle der Uckermark Verschiedene Quellen besagen, dass Siedlungen aus der Jungsteinzeit auf dem Territorium der heutigen Stadt Lychen zu finden sind. Es muss wohl an der sch\u00f6nen \u00d6rtlichkeit liegen, denn auch die Slawen siedelten seit dem 6. Jahrhundert n. Chr. auf dem Gebiet des heutigen Lychen. Die Stadt Lychen wurde 1248 durch [&hellip;]\" \/>\n<meta property=\"og:url\" content=\"https:\/\/xn--lychen-alte-stadtfrsterei-gsc.de\/?page_id=461\" \/>\n<meta property=\"og:site_name\" content=\"Ferienwohnungen Alte Stadtf\u00f6rsterei Lychen\" \/>\n<meta property=\"article:modified_time\" content=\"2023-03-30T13:14:45+00:00\" \/>\n<meta property=\"og:image\" content=\"https:\/\/xn--lychen-alte-stadtfrsterei-gsc.de\/wp-content\/uploads\/2023\/03\/P1040962-1024x197.jpg\" \/>\n<meta name=\"twitter:card\" content=\"summary_large_image\" \/>\n<meta name=\"twitter:label1\" content=\"Gesch\u00e4tzte Lesezeit\" \/>\n\t<meta name=\"twitter:data1\" content=\"2 Minuten\" \/>\n<script type=\"application\/ld+json\" class=\"yoast-schema-graph\">{\"@context\":\"https:\/\/schema.org\",\"@graph\":[{\"@type\":\"WebPage\",\"@id\":\"https:\/\/xn--lychen-alte-stadtfrsterei-gsc.de\/?page_id=461\",\"url\":\"https:\/\/xn--lychen-alte-stadtfrsterei-gsc.de\/?page_id=461\",\"name\":\"Lychen - Ferienwohnungen Alte Stadtf\u00f6rsterei Lychen\",\"isPartOf\":{\"@id\":\"https:\/\/xn--lychen-alte-stadtfrsterei-gsc.de\/#website\"},\"primaryImageOfPage\":{\"@id\":\"https:\/\/xn--lychen-alte-stadtfrsterei-gsc.de\/?page_id=461#primaryimage\"},\"image\":{\"@id\":\"https:\/\/xn--lychen-alte-stadtfrsterei-gsc.de\/?page_id=461#primaryimage\"},\"thumbnailUrl\":\"https:\/\/xn--lychen-alte-stadtfrsterei-gsc.de\/wp-content\/uploads\/2023\/03\/P1040962-1024x197.jpg\",\"datePublished\":\"2023-03-26T14:51:30+00:00\",\"dateModified\":\"2023-03-30T13:14:45+00:00\",\"breadcrumb\":{\"@id\":\"https:\/\/xn--lychen-alte-stadtfrsterei-gsc.de\/?page_id=461#breadcrumb\"},\"inLanguage\":\"de-DE\",\"potentialAction\":[{\"@type\":\"ReadAction\",\"target\":[\"https:\/\/xn--lychen-alte-stadtfrsterei-gsc.de\/?page_id=461\"]}]},{\"@type\":\"ImageObject\",\"inLanguage\":\"de-DE\",\"@id\":\"https:\/\/xn--lychen-alte-stadtfrsterei-gsc.de\/?page_id=461#primaryimage\",\"url\":\"https:\/\/xn--lychen-alte-stadtfrsterei-gsc.de\/wp-content\/uploads\/2023\/03\/P1040962.jpg\",\"contentUrl\":\"https:\/\/xn--lychen-alte-stadtfrsterei-gsc.de\/wp-content\/uploads\/2023\/03\/P1040962.jpg\",\"width\":2538,\"height\":488},{\"@type\":\"BreadcrumbList\",\"@id\":\"https:\/\/xn--lychen-alte-stadtfrsterei-gsc.de\/?page_id=461#breadcrumb\",\"itemListElement\":[{\"@type\":\"ListItem\",\"position\":1,\"name\":\"Startseite\",\"item\":\"https:\/\/xn--lychen-alte-stadtfrsterei-gsc.de\/\"},{\"@type\":\"ListItem\",\"position\":2,\"name\":\"Lychen\"}]},{\"@type\":\"WebSite\",\"@id\":\"https:\/\/xn--lychen-alte-stadtfrsterei-gsc.de\/#website\",\"url\":\"https:\/\/xn--lychen-alte-stadtfrsterei-gsc.de\/\",\"name\":\"Ferienwohnungen Alte Stadtf\u00f6rsterei Lychen\",\"description\":\"\",\"publisher\":{\"@id\":\"https:\/\/xn--lychen-alte-stadtfrsterei-gsc.de\/#organization\"},\"potentialAction\":[{\"@type\":\"SearchAction\",\"target\":{\"@type\":\"EntryPoint\",\"urlTemplate\":\"https:\/\/xn--lychen-alte-stadtfrsterei-gsc.de\/?s={search_term_string}\"},\"query-input\":{\"@type\":\"PropertyValueSpecification\",\"valueRequired\":true,\"valueName\":\"search_term_string\"}}],\"inLanguage\":\"de-DE\"},{\"@type\":\"Organization\",\"@id\":\"https:\/\/xn--lychen-alte-stadtfrsterei-gsc.de\/#organization\",\"name\":\"Ferienwohnungen Alte Stadtf\u00f6rsterei Lychen\",\"url\":\"https:\/\/xn--lychen-alte-stadtfrsterei-gsc.de\/\",\"logo\":{\"@type\":\"ImageObject\",\"inLanguage\":\"de-DE\",\"@id\":\"https:\/\/xn--lychen-alte-stadtfrsterei-gsc.de\/#\/schema\/logo\/image\/\",\"url\":\"https:\/\/xn--lychen-alte-stadtfrsterei-gsc.de\/wp-content\/uploads\/2023\/05\/DSC00869.jpg\",\"contentUrl\":\"https:\/\/xn--lychen-alte-stadtfrsterei-gsc.de\/wp-content\/uploads\/2023\/05\/DSC00869.jpg\",\"width\":1000,\"height\":485,\"caption\":\"Ferienwohnungen Alte Stadtf\u00f6rsterei Lychen\"},\"image\":{\"@id\":\"https:\/\/xn--lychen-alte-stadtfrsterei-gsc.de\/#\/schema\/logo\/image\/\"}}]}<\/script>\n<!-- \/ Yoast SEO plugin. -->","yoast_head_json":{"title":"Lychen - Ferienwohnungen Alte Stadtf\u00f6rsterei Lychen","robots":{"index":"index","follow":"follow","max-snippet":"max-snippet:-1","max-image-preview":"max-image-preview:large","max-video-preview":"max-video-preview:-1"},"canonical":"https:\/\/xn--lychen-alte-stadtfrsterei-gsc.de\/?page_id=461","og_locale":"de_DE","og_type":"article","og_title":"Lychen - Ferienwohnungen Alte Stadtf\u00f6rsterei Lychen","og_description":"Lychen Die kleine Perle der Uckermark Verschiedene Quellen besagen, dass Siedlungen aus der Jungsteinzeit auf dem Territorium der heutigen Stadt Lychen zu finden sind. Es muss wohl an der sch\u00f6nen \u00d6rtlichkeit liegen, denn auch die Slawen siedelten seit dem 6. Jahrhundert n. Chr. auf dem Gebiet des heutigen Lychen. Die Stadt Lychen wurde 1248 durch [&hellip;]","og_url":"https:\/\/xn--lychen-alte-stadtfrsterei-gsc.de\/?page_id=461","og_site_name":"Ferienwohnungen Alte Stadtf\u00f6rsterei Lychen","article_modified_time":"2023-03-30T13:14:45+00:00","og_image":[{"url":"https:\/\/xn--lychen-alte-stadtfrsterei-gsc.de\/wp-content\/uploads\/2023\/03\/P1040962-1024x197.jpg","type":"","width":"","height":""}],"twitter_card":"summary_large_image","twitter_misc":{"Gesch\u00e4tzte Lesezeit":"2 Minuten"},"schema":{"@context":"https:\/\/schema.org","@graph":[{"@type":"WebPage","@id":"https:\/\/xn--lychen-alte-stadtfrsterei-gsc.de\/?page_id=461","url":"https:\/\/xn--lychen-alte-stadtfrsterei-gsc.de\/?page_id=461","name":"Lychen - Ferienwohnungen Alte Stadtf\u00f6rsterei Lychen","isPartOf":{"@id":"https:\/\/xn--lychen-alte-stadtfrsterei-gsc.de\/#website"},"primaryImageOfPage":{"@id":"https:\/\/xn--lychen-alte-stadtfrsterei-gsc.de\/?page_id=461#primaryimage"},"image":{"@id":"https:\/\/xn--lychen-alte-stadtfrsterei-gsc.de\/?page_id=461#primaryimage"},"thumbnailUrl":"https:\/\/xn--lychen-alte-stadtfrsterei-gsc.de\/wp-content\/uploads\/2023\/03\/P1040962-1024x197.jpg","datePublished":"2023-03-26T14:51:30+00:00","dateModified":"2023-03-30T13:14:45+00:00","breadcrumb":{"@id":"https:\/\/xn--lychen-alte-stadtfrsterei-gsc.de\/?page_id=461#breadcrumb"},"inLanguage":"de-DE","potentialAction":[{"@type":"ReadAction","target":["https:\/\/xn--lychen-alte-stadtfrsterei-gsc.de\/?page_id=461"]}]},{"@type":"ImageObject","inLanguage":"de-DE","@id":"https:\/\/xn--lychen-alte-stadtfrsterei-gsc.de\/?page_id=461#primaryimage","url":"https:\/\/xn--lychen-alte-stadtfrsterei-gsc.de\/wp-content\/uploads\/2023\/03\/P1040962.jpg","contentUrl":"https:\/\/xn--lychen-alte-stadtfrsterei-gsc.de\/wp-content\/uploads\/2023\/03\/P1040962.jpg","width":2538,"height":488},{"@type":"BreadcrumbList","@id":"https:\/\/xn--lychen-alte-stadtfrsterei-gsc.de\/?page_id=461#breadcrumb","itemListElement":[{"@type":"ListItem","position":1,"name":"Startseite","item":"https:\/\/xn--lychen-alte-stadtfrsterei-gsc.de\/"},{"@type":"ListItem","position":2,"name":"Lychen"}]},{"@type":"WebSite","@id":"https:\/\/xn--lychen-alte-stadtfrsterei-gsc.de\/#website","url":"https:\/\/xn--lychen-alte-stadtfrsterei-gsc.de\/","name":"Ferienwohnungen Alte Stadtf\u00f6rsterei Lychen","description":"","publisher":{"@id":"https:\/\/xn--lychen-alte-stadtfrsterei-gsc.de\/#organization"},"potentialAction":[{"@type":"SearchAction","target":{"@type":"EntryPoint","urlTemplate":"https:\/\/xn--lychen-alte-stadtfrsterei-gsc.de\/?s={search_term_string}"},"query-input":{"@type":"PropertyValueSpecification","valueRequired":true,"valueName":"search_term_string"}}],"inLanguage":"de-DE"},{"@type":"Organization","@id":"https:\/\/xn--lychen-alte-stadtfrsterei-gsc.de\/#organization","name":"Ferienwohnungen Alte Stadtf\u00f6rsterei Lychen","url":"https:\/\/xn--lychen-alte-stadtfrsterei-gsc.de\/","logo":{"@type":"ImageObject","inLanguage":"de-DE","@id":"https:\/\/xn--lychen-alte-stadtfrsterei-gsc.de\/#\/schema\/logo\/image\/","url":"https:\/\/xn--lychen-alte-stadtfrsterei-gsc.de\/wp-content\/uploads\/2023\/05\/DSC00869.jpg","contentUrl":"https:\/\/xn--lychen-alte-stadtfrsterei-gsc.de\/wp-content\/uploads\/2023\/05\/DSC00869.jpg","width":1000,"height":485,"caption":"Ferienwohnungen Alte Stadtf\u00f6rsterei Lychen"},"image":{"@id":"https:\/\/xn--lychen-alte-stadtfrsterei-gsc.de\/#\/schema\/logo\/image\/"}}]}},"_links":{"self":[{"href":"https:\/\/xn--lychen-alte-stadtfrsterei-gsc.de\/index.php?rest_route=\/wp\/v2\/pages\/461","targetHints":{"allow":["GET"]}}],"collection":[{"href":"https:\/\/xn--lychen-alte-stadtfrsterei-gsc.de\/index.php?rest_route=\/wp\/v2\/pages"}],"about":[{"href":"https:\/\/xn--lychen-alte-stadtfrsterei-gsc.de\/index.php?rest_route=\/wp\/v2\/types\/page"}],"author":[{"embeddable":true,"href":"https:\/\/xn--lychen-alte-stadtfrsterei-gsc.de\/index.php?rest_route=\/wp\/v2\/users\/1"}],"replies":[{"embeddable":true,"href":"https:\/\/xn--lychen-alte-stadtfrsterei-gsc.de\/index.php?rest_route=%2Fwp%2Fv2%2Fcomments&post=461"}],"version-history":[{"count":3,"href":"https:\/\/xn--lychen-alte-stadtfrsterei-gsc.de\/index.php?rest_route=\/wp\/v2\/pages\/461\/revisions"}],"predecessor-version":[{"id":590,"href":"https:\/\/xn--lychen-alte-stadtfrsterei-gsc.de\/index.php?rest_route=\/wp\/v2\/pages\/461\/revisions\/590"}],"wp:attachment":[{"href":"https:\/\/xn--lychen-alte-stadtfrsterei-gsc.de\/index.php?rest_route=%2Fwp%2Fv2%2Fmedia&parent=461"}],"curies":[{"name":"wp","href":"https:\/\/api.w.org\/{rel}","templated":true}]}}