{"id":436,"date":"2023-03-26T10:47:26","date_gmt":"2023-03-26T10:47:26","guid":{"rendered":"https:\/\/xn--lychen-alte-stadtfrsterei-gsc.de\/?page_id=436"},"modified":"2024-02-03T16:21:04","modified_gmt":"2024-02-03T16:21:04","slug":"anfahrt","status":"publish","type":"page","link":"https:\/\/xn--lychen-alte-stadtfrsterei-gsc.de\/?page_id=436","title":{"rendered":"Anfahrt"},"content":{"rendered":"\n<div class=\"wp-block-cover alignfull is-light has-custom-content-position is-position-top-center\"><span aria-hidden=\"true\" class=\"wp-block-cover__background has-background-dim\"><\/span><img loading=\"lazy\" decoding=\"async\" width=\"1000\" height=\"250\" class=\"wp-block-cover__image-background wp-image-505\" alt=\"\" src=\"https:\/\/xn--lychen-alte-stadtfrsterei-gsc.de\/wp-content\/uploads\/2023\/03\/5-3.jpg\" data-object-fit=\"cover\" srcset=\"https:\/\/xn--lychen-alte-stadtfrsterei-gsc.de\/wp-content\/uploads\/2023\/03\/5-3.jpg 1000w, https:\/\/xn--lychen-alte-stadtfrsterei-gsc.de\/wp-content\/uploads\/2023\/03\/5-3-300x75.jpg 300w, https:\/\/xn--lychen-alte-stadtfrsterei-gsc.de\/wp-content\/uploads\/2023\/03\/5-3-768x192.jpg 768w\" sizes=\"(max-width: 1000px) 100vw, 1000px\" \/><div class=\"wp-block-cover__inner-container is-layout-flow wp-block-cover-is-layout-flow\">\n<p class=\"has-text-align-center has-large-font-size\"><\/p>\n<\/div><\/div>\n\n\n\n<p><\/p>\n\n\n\n<div class=\"wp-block-columns alignwide is-layout-flex wp-container-core-columns-is-layout-1 wp-block-columns-is-layout-flex\">\n<div class=\"wp-block-column has-ast-global-color-8-background-color has-text-color has-background has-link-color wp-elements-c4c8aeee96401a8a4ad777f3959c96e3 is-layout-flow wp-block-column-is-layout-flow\" style=\"color:#000000;padding-top:2em;padding-right:2em;padding-bottom:2em;padding-left:2em\"><\/div>\n\n\n\n<div class=\"wp-block-column has-text-color has-background has-link-color wp-elements-54b3e90a7d91b56c87e22a0e160c6694 is-layout-flow wp-block-column-is-layout-flow\" style=\"color:#000000;background-color:#d1d1e1;padding-top:2em;padding-right:2em;padding-bottom:2em;padding-left:2em;flex-basis:70%\">\n<h2 class=\"wp-block-heading\" id=\"family\" style=\"font-size:40px\">Urlaub ohne Auto<\/h2>\n\n\n\n<hr class=\"wp-block-separator has-css-opacity is-style-wide\"\/>\n\n\n\n<p class=\"has-medium-font-size\">In der Alten Stadtf\u00f6rsterei ist der Urlaub auch ohne Auto m\u00f6glich. Die Anbindung an das Nahverkehrsnetz ist recht gut gestaltet. <\/p>\n\n\n\n<p class=\"has-medium-font-size\">Einkaufen, Gastst\u00e4ttenbesuche und diverse Freizeitaktivit\u00e4ten wie Flo\u00dffahren, Bootfahren und Baden sind bequem zu Fu\u00df machbar.<\/p>\n<\/div>\n\n\n\n<div class=\"wp-block-column has-ast-global-color-8-background-color has-text-color has-background has-link-color wp-elements-c4c8aeee96401a8a4ad777f3959c96e3 is-layout-flow wp-block-column-is-layout-flow\" style=\"color:#000000;padding-top:2em;padding-right:2em;padding-bottom:2em;padding-left:2em\"><\/div>\n<\/div>\n\n\n\n<div class=\"wp-block-columns alignwide is-layout-flex wp-container-core-columns-is-layout-2 wp-block-columns-is-layout-flex\">\n<div class=\"wp-block-column has-ast-global-color-8-background-color has-text-color has-background has-link-color wp-elements-c4c8aeee96401a8a4ad777f3959c96e3 is-layout-flow wp-block-column-is-layout-flow\" style=\"color:#000000;padding-top:2em;padding-right:2em;padding-bottom:2em;padding-left:2em\"><\/div>\n\n\n\n<div class=\"wp-block-column has-text-color has-background has-link-color wp-elements-ae967844918decd3debd2ea109191953 is-layout-flow wp-block-column-is-layout-flow\" style=\"color:#000000;background-color:#d1d1e1;padding-top:2em;padding-right:2em;padding-bottom:2em;padding-left:2em;flex-basis:70%\">\n<h2 class=\"wp-block-heading\" id=\"family\" style=\"font-size:40px\">Anfahrt zur Alten Stadtf\u00f6rsterei<\/h2>\n\n\n\n<hr class=\"wp-block-separator has-css-opacity is-style-wide\"\/>\n\n\n\n<p class=\"has-medium-font-size\"><strong>Aus F\u00fcrstenberg kommend:<\/strong><br>Sie folgen der Stra\u00dfe aus F\u00fcrstenberg durch den Ortsverlauf bis zum Markt von Lychen. Dort m\u00fcndet die Stra\u00dfe, und Sie halten sich rechts in Richtung Templin. Nach zwei rechtwinkligen Kurven passieren Sie eine Senke zwischen zwei Seen. Anschlie\u00dfend fahren Sie den Angelberg bergan und kommen rechterhand an einem Netto-Supermarkt vorbei. Nach dem Parkplatz m\u00fcssen Sie die Bahngleise \u00fcberqueren. Nach 30 m geht rechts die Paul-Kluth-Stra\u00dfe im spitzen Winkel nach ca. 50 m ab. In diese biegen Sie ein. Nach 30 m kommt linksseitig ein Einfamilienhaus. Gleich neben diesem Haus geht ein Rasengittersteinweg einen H\u00fcgel hoch. Dort befindet sich unser Haus.<br><strong>Aus Templin kommend:<\/strong><br>Sie folgen der Stra\u00dfe aus Templin in Lychen ungef\u00e4hr 500 m. Dort sehen Sie links einen langen Neubaublock. An seinem Ende geht die Paul-Kluth-Stra\u00dfe links ab. Nach 30 m kommt links ein Einfamilienhaus. Neben diesem Haus geht ein Rasengittersteinweg einen<br>H\u00fcgel hoch. Dort steht die Alte Stadtf\u00f6rsterei.<br><strong>Mit den \u00d6ffentlichen kommend:<\/strong><br>Sie fahren mit der Regionalbahn RB12 nach Templin oder mit der RE5 nach F\u00fcrstenberg. Dort steigen Sie in die Buslinie OB 517 und fahren dort, aus F\u00fcrstenberg kommend, bis Lychen Friedhof oder, aus Templin kommend, bis Lychen Schule. Anschlie\u00dfend ein kurzer Fu\u00dfmarsch von ca. 7 min am Netto-Supermarkt vorbei \u00fcber die Bahngleise, rechts in die<br>Paul-Kluth-Stra\u00dfe und dann links nach dem ersten Einfamilienhaus den Rasengittersteinweg ca. 100 m nach oben. Dort steht die Alte Stadtf\u00f6rsterei.<\/p>\n<\/div>\n\n\n\n<div class=\"wp-block-column has-ast-global-color-8-background-color has-text-color has-background has-link-color wp-elements-c4c8aeee96401a8a4ad777f3959c96e3 is-layout-flow wp-block-column-is-layout-flow\" style=\"color:#000000;padding-top:2em;padding-right:2em;padding-bottom:2em;padding-left:2em\"><\/div>\n<\/div>\n","protected":false},"excerpt":{"rendered":"<p>Urlaub ohne Auto In der Alten Stadtf\u00f6rsterei ist der Urlaub auch ohne Auto m\u00f6glich. Die Anbindung an das Nahverkehrsnetz ist recht gut gestaltet. Einkaufen, Gastst\u00e4ttenbesuche und diverse Freizeitaktivit\u00e4ten wie Flo\u00dffahren, Bootfahren und Baden sind bequem zu Fu\u00df machbar. Anfahrt zur Alten Stadtf\u00f6rsterei Aus F\u00fcrstenberg kommend:Sie folgen der Stra\u00dfe aus F\u00fcrstenberg durch den Ortsverlauf bis zum [&hellip;]<\/p>\n","protected":false},"author":1,"featured_media":0,"parent":0,"menu_order":0,"comment_status":"closed","ping_status":"closed","template":"","meta":{"site-sidebar-layout":"default","site-content-layout":"","ast-site-content-layout":"default","site-content-style":"default","site-sidebar-style":"default","ast-global-header-display":"","ast-banner-title-visibility":"","ast-main-header-display":"","ast-hfb-above-header-display":"","ast-hfb-below-header-display":"","ast-hfb-mobile-header-display":"","site-post-title":"disabled","ast-breadcrumbs-content":"","ast-featured-img":"","footer-sml-layout":"","ast-disable-related-posts":"","theme-transparent-header-meta":"default","adv-header-id-meta":"","stick-header-meta":"","header-above-stick-meta":"","header-main-stick-meta":"","header-below-stick-meta":"","astra-migrate-meta-layouts":"set","ast-page-background-enabled":"default","ast-page-background-meta":{"desktop":{"background-color":"","background-image":"","background-repeat":"repeat","background-position":"center center","background-size":"auto","background-attachment":"scroll","background-type":"","background-media":"","overlay-type":"","overlay-color":"","overlay-opacity":"","overlay-gradient":""},"tablet":{"background-color":"","background-image":"","background-repeat":"repeat","background-position":"center center","background-size":"auto","background-attachment":"scroll","background-type":"","background-media":"","overlay-type":"","overlay-color":"","overlay-opacity":"","overlay-gradient":""},"mobile":{"background-color":"","background-image":"","background-repeat":"repeat","background-position":"center center","background-size":"auto","background-attachment":"scroll","background-type":"","background-media":"","overlay-type":"","overlay-color":"","overlay-opacity":"","overlay-gradient":""}},"ast-content-background-meta":{"desktop":{"background-color":"var(--ast-global-color-5)","background-image":"","background-repeat":"repeat","background-position":"center center","background-size":"auto","background-attachment":"scroll","background-type":"","background-media":"","overlay-type":"","overlay-color":"","overlay-opacity":"","overlay-gradient":""},"tablet":{"background-color":"var(--ast-global-color-5)","background-image":"","background-repeat":"repeat","background-position":"center center","background-size":"auto","background-attachment":"scroll","background-type":"","background-media":"","overlay-type":"","overlay-color":"","overlay-opacity":"","overlay-gradient":""},"mobile":{"background-color":"var(--ast-global-color-5)","background-image":"","background-repeat":"repeat","background-position":"center center","background-size":"auto","background-attachment":"scroll","background-type":"","background-media":"","overlay-type":"","overlay-color":"","overlay-opacity":"","overlay-gradient":""}},"footnotes":""},"class_list":["post-436","page","type-page","status-publish","hentry"],"yoast_head":"<!-- This site is optimized with the Yoast SEO plugin v24.5 - https:\/\/yoast.com\/wordpress\/plugins\/seo\/ -->\n<title>Anfahrt - Ferienwohnungen Alte Stadtf\u00f6rsterei Lychen<\/title>\n<meta name=\"robots\" content=\"index, follow, max-snippet:-1, max-image-preview:large, max-video-preview:-1\" \/>\n<link rel=\"canonical\" href=\"https:\/\/xn--lychen-alte-stadtfrsterei-gsc.de\/?page_id=436\" \/>\n<meta property=\"og:locale\" content=\"de_DE\" \/>\n<meta property=\"og:type\" content=\"article\" \/>\n<meta property=\"og:title\" content=\"Anfahrt - Ferienwohnungen Alte Stadtf\u00f6rsterei Lychen\" \/>\n<meta property=\"og:description\" content=\"Urlaub ohne Auto In der Alten Stadtf\u00f6rsterei ist der Urlaub auch ohne Auto m\u00f6glich. Die Anbindung an das Nahverkehrsnetz ist recht gut gestaltet. Einkaufen, Gastst\u00e4ttenbesuche und diverse Freizeitaktivit\u00e4ten wie Flo\u00dffahren, Bootfahren und Baden sind bequem zu Fu\u00df machbar. Anfahrt zur Alten Stadtf\u00f6rsterei Aus F\u00fcrstenberg kommend:Sie folgen der Stra\u00dfe aus F\u00fcrstenberg durch den Ortsverlauf bis zum [&hellip;]\" \/>\n<meta property=\"og:url\" content=\"https:\/\/xn--lychen-alte-stadtfrsterei-gsc.de\/?page_id=436\" \/>\n<meta property=\"og:site_name\" content=\"Ferienwohnungen Alte Stadtf\u00f6rsterei Lychen\" \/>\n<meta property=\"article:modified_time\" content=\"2024-02-03T16:21:04+00:00\" \/>\n<meta property=\"og:image\" content=\"https:\/\/xn--lychen-alte-stadtfrsterei-gsc.de\/wp-content\/uploads\/2023\/03\/5-3.jpg\" \/>\n<meta name=\"twitter:card\" content=\"summary_large_image\" \/>\n<meta name=\"twitter:label1\" content=\"Gesch\u00e4tzte Lesezeit\" \/>\n\t<meta name=\"twitter:data1\" content=\"1 Minute\" \/>\n<script type=\"application\/ld+json\" class=\"yoast-schema-graph\">{\"@context\":\"https:\/\/schema.org\",\"@graph\":[{\"@type\":\"WebPage\",\"@id\":\"https:\/\/xn--lychen-alte-stadtfrsterei-gsc.de\/?page_id=436\",\"url\":\"https:\/\/xn--lychen-alte-stadtfrsterei-gsc.de\/?page_id=436\",\"name\":\"Anfahrt - Ferienwohnungen Alte Stadtf\u00f6rsterei Lychen\",\"isPartOf\":{\"@id\":\"https:\/\/xn--lychen-alte-stadtfrsterei-gsc.de\/#website\"},\"primaryImageOfPage\":{\"@id\":\"https:\/\/xn--lychen-alte-stadtfrsterei-gsc.de\/?page_id=436#primaryimage\"},\"image\":{\"@id\":\"https:\/\/xn--lychen-alte-stadtfrsterei-gsc.de\/?page_id=436#primaryimage\"},\"thumbnailUrl\":\"https:\/\/xn--lychen-alte-stadtfrsterei-gsc.de\/wp-content\/uploads\/2023\/03\/5-3.jpg\",\"datePublished\":\"2023-03-26T10:47:26+00:00\",\"dateModified\":\"2024-02-03T16:21:04+00:00\",\"breadcrumb\":{\"@id\":\"https:\/\/xn--lychen-alte-stadtfrsterei-gsc.de\/?page_id=436#breadcrumb\"},\"inLanguage\":\"de-DE\",\"potentialAction\":[{\"@type\":\"ReadAction\",\"target\":[\"https:\/\/xn--lychen-alte-stadtfrsterei-gsc.de\/?page_id=436\"]}]},{\"@type\":\"ImageObject\",\"inLanguage\":\"de-DE\",\"@id\":\"https:\/\/xn--lychen-alte-stadtfrsterei-gsc.de\/?page_id=436#primaryimage\",\"url\":\"https:\/\/xn--lychen-alte-stadtfrsterei-gsc.de\/wp-content\/uploads\/2023\/03\/5-3.jpg\",\"contentUrl\":\"https:\/\/xn--lychen-alte-stadtfrsterei-gsc.de\/wp-content\/uploads\/2023\/03\/5-3.jpg\",\"width\":1000,\"height\":250},{\"@type\":\"BreadcrumbList\",\"@id\":\"https:\/\/xn--lychen-alte-stadtfrsterei-gsc.de\/?page_id=436#breadcrumb\",\"itemListElement\":[{\"@type\":\"ListItem\",\"position\":1,\"name\":\"Startseite\",\"item\":\"https:\/\/xn--lychen-alte-stadtfrsterei-gsc.de\/\"},{\"@type\":\"ListItem\",\"position\":2,\"name\":\"Anfahrt\"}]},{\"@type\":\"WebSite\",\"@id\":\"https:\/\/xn--lychen-alte-stadtfrsterei-gsc.de\/#website\",\"url\":\"https:\/\/xn--lychen-alte-stadtfrsterei-gsc.de\/\",\"name\":\"Ferienwohnungen Alte Stadtf\u00f6rsterei Lychen\",\"description\":\"\",\"publisher\":{\"@id\":\"https:\/\/xn--lychen-alte-stadtfrsterei-gsc.de\/#organization\"},\"potentialAction\":[{\"@type\":\"SearchAction\",\"target\":{\"@type\":\"EntryPoint\",\"urlTemplate\":\"https:\/\/xn--lychen-alte-stadtfrsterei-gsc.de\/?s={search_term_string}\"},\"query-input\":{\"@type\":\"PropertyValueSpecification\",\"valueRequired\":true,\"valueName\":\"search_term_string\"}}],\"inLanguage\":\"de-DE\"},{\"@type\":\"Organization\",\"@id\":\"https:\/\/xn--lychen-alte-stadtfrsterei-gsc.de\/#organization\",\"name\":\"Ferienwohnungen Alte Stadtf\u00f6rsterei Lychen\",\"url\":\"https:\/\/xn--lychen-alte-stadtfrsterei-gsc.de\/\",\"logo\":{\"@type\":\"ImageObject\",\"inLanguage\":\"de-DE\",\"@id\":\"https:\/\/xn--lychen-alte-stadtfrsterei-gsc.de\/#\/schema\/logo\/image\/\",\"url\":\"https:\/\/xn--lychen-alte-stadtfrsterei-gsc.de\/wp-content\/uploads\/2023\/05\/DSC00869.jpg\",\"contentUrl\":\"https:\/\/xn--lychen-alte-stadtfrsterei-gsc.de\/wp-content\/uploads\/2023\/05\/DSC00869.jpg\",\"width\":1000,\"height\":485,\"caption\":\"Ferienwohnungen Alte Stadtf\u00f6rsterei Lychen\"},\"image\":{\"@id\":\"https:\/\/xn--lychen-alte-stadtfrsterei-gsc.de\/#\/schema\/logo\/image\/\"}}]}<\/script>\n<!-- \/ Yoast SEO plugin. -->","yoast_head_json":{"title":"Anfahrt - Ferienwohnungen Alte Stadtf\u00f6rsterei Lychen","robots":{"index":"index","follow":"follow","max-snippet":"max-snippet:-1","max-image-preview":"max-image-preview:large","max-video-preview":"max-video-preview:-1"},"canonical":"https:\/\/xn--lychen-alte-stadtfrsterei-gsc.de\/?page_id=436","og_locale":"de_DE","og_type":"article","og_title":"Anfahrt - Ferienwohnungen Alte Stadtf\u00f6rsterei Lychen","og_description":"Urlaub ohne Auto In der Alten Stadtf\u00f6rsterei ist der Urlaub auch ohne Auto m\u00f6glich. Die Anbindung an das Nahverkehrsnetz ist recht gut gestaltet. Einkaufen, Gastst\u00e4ttenbesuche und diverse Freizeitaktivit\u00e4ten wie Flo\u00dffahren, Bootfahren und Baden sind bequem zu Fu\u00df machbar. Anfahrt zur Alten Stadtf\u00f6rsterei Aus F\u00fcrstenberg kommend:Sie folgen der Stra\u00dfe aus F\u00fcrstenberg durch den Ortsverlauf bis zum [&hellip;]","og_url":"https:\/\/xn--lychen-alte-stadtfrsterei-gsc.de\/?page_id=436","og_site_name":"Ferienwohnungen Alte Stadtf\u00f6rsterei Lychen","article_modified_time":"2024-02-03T16:21:04+00:00","og_image":[{"url":"https:\/\/xn--lychen-alte-stadtfrsterei-gsc.de\/wp-content\/uploads\/2023\/03\/5-3.jpg","type":"","width":"","height":""}],"twitter_card":"summary_large_image","twitter_misc":{"Gesch\u00e4tzte Lesezeit":"1 Minute"},"schema":{"@context":"https:\/\/schema.org","@graph":[{"@type":"WebPage","@id":"https:\/\/xn--lychen-alte-stadtfrsterei-gsc.de\/?page_id=436","url":"https:\/\/xn--lychen-alte-stadtfrsterei-gsc.de\/?page_id=436","name":"Anfahrt - Ferienwohnungen Alte Stadtf\u00f6rsterei Lychen","isPartOf":{"@id":"https:\/\/xn--lychen-alte-stadtfrsterei-gsc.de\/#website"},"primaryImageOfPage":{"@id":"https:\/\/xn--lychen-alte-stadtfrsterei-gsc.de\/?page_id=436#primaryimage"},"image":{"@id":"https:\/\/xn--lychen-alte-stadtfrsterei-gsc.de\/?page_id=436#primaryimage"},"thumbnailUrl":"https:\/\/xn--lychen-alte-stadtfrsterei-gsc.de\/wp-content\/uploads\/2023\/03\/5-3.jpg","datePublished":"2023-03-26T10:47:26+00:00","dateModified":"2024-02-03T16:21:04+00:00","breadcrumb":{"@id":"https:\/\/xn--lychen-alte-stadtfrsterei-gsc.de\/?page_id=436#breadcrumb"},"inLanguage":"de-DE","potentialAction":[{"@type":"ReadAction","target":["https:\/\/xn--lychen-alte-stadtfrsterei-gsc.de\/?page_id=436"]}]},{"@type":"ImageObject","inLanguage":"de-DE","@id":"https:\/\/xn--lychen-alte-stadtfrsterei-gsc.de\/?page_id=436#primaryimage","url":"https:\/\/xn--lychen-alte-stadtfrsterei-gsc.de\/wp-content\/uploads\/2023\/03\/5-3.jpg","contentUrl":"https:\/\/xn--lychen-alte-stadtfrsterei-gsc.de\/wp-content\/uploads\/2023\/03\/5-3.jpg","width":1000,"height":250},{"@type":"BreadcrumbList","@id":"https:\/\/xn--lychen-alte-stadtfrsterei-gsc.de\/?page_id=436#breadcrumb","itemListElement":[{"@type":"ListItem","position":1,"name":"Startseite","item":"https:\/\/xn--lychen-alte-stadtfrsterei-gsc.de\/"},{"@type":"ListItem","position":2,"name":"Anfahrt"}]},{"@type":"WebSite","@id":"https:\/\/xn--lychen-alte-stadtfrsterei-gsc.de\/#website","url":"https:\/\/xn--lychen-alte-stadtfrsterei-gsc.de\/","name":"Ferienwohnungen Alte Stadtf\u00f6rsterei Lychen","description":"","publisher":{"@id":"https:\/\/xn--lychen-alte-stadtfrsterei-gsc.de\/#organization"},"potentialAction":[{"@type":"SearchAction","target":{"@type":"EntryPoint","urlTemplate":"https:\/\/xn--lychen-alte-stadtfrsterei-gsc.de\/?s={search_term_string}"},"query-input":{"@type":"PropertyValueSpecification","valueRequired":true,"valueName":"search_term_string"}}],"inLanguage":"de-DE"},{"@type":"Organization","@id":"https:\/\/xn--lychen-alte-stadtfrsterei-gsc.de\/#organization","name":"Ferienwohnungen Alte Stadtf\u00f6rsterei Lychen","url":"https:\/\/xn--lychen-alte-stadtfrsterei-gsc.de\/","logo":{"@type":"ImageObject","inLanguage":"de-DE","@id":"https:\/\/xn--lychen-alte-stadtfrsterei-gsc.de\/#\/schema\/logo\/image\/","url":"https:\/\/xn--lychen-alte-stadtfrsterei-gsc.de\/wp-content\/uploads\/2023\/05\/DSC00869.jpg","contentUrl":"https:\/\/xn--lychen-alte-stadtfrsterei-gsc.de\/wp-content\/uploads\/2023\/05\/DSC00869.jpg","width":1000,"height":485,"caption":"Ferienwohnungen Alte Stadtf\u00f6rsterei Lychen"},"image":{"@id":"https:\/\/xn--lychen-alte-stadtfrsterei-gsc.de\/#\/schema\/logo\/image\/"}}]}},"_links":{"self":[{"href":"https:\/\/xn--lychen-alte-stadtfrsterei-gsc.de\/index.php?rest_route=\/wp\/v2\/pages\/436","targetHints":{"allow":["GET"]}}],"collection":[{"href":"https:\/\/xn--lychen-alte-stadtfrsterei-gsc.de\/index.php?rest_route=\/wp\/v2\/pages"}],"about":[{"href":"https:\/\/xn--lychen-alte-stadtfrsterei-gsc.de\/index.php?rest_route=\/wp\/v2\/types\/page"}],"author":[{"embeddable":true,"href":"https:\/\/xn--lychen-alte-stadtfrsterei-gsc.de\/index.php?rest_route=\/wp\/v2\/users\/1"}],"replies":[{"embeddable":true,"href":"https:\/\/xn--lychen-alte-stadtfrsterei-gsc.de\/index.php?rest_route=%2Fwp%2Fv2%2Fcomments&post=436"}],"version-history":[{"count":17,"href":"https:\/\/xn--lychen-alte-stadtfrsterei-gsc.de\/index.php?rest_route=\/wp\/v2\/pages\/436\/revisions"}],"predecessor-version":[{"id":762,"href":"https:\/\/xn--lychen-alte-stadtfrsterei-gsc.de\/index.php?rest_route=\/wp\/v2\/pages\/436\/revisions\/762"}],"wp:attachment":[{"href":"https:\/\/xn--lychen-alte-stadtfrsterei-gsc.de\/index.php?rest_route=%2Fwp%2Fv2%2Fmedia&parent=436"}],"curies":[{"name":"wp","href":"https:\/\/api.w.org\/{rel}","templated":true}]}}